{"id":43,"date":"2016-03-28T01:11:08","date_gmt":"2016-03-28T01:11:08","guid":{"rendered":"http:\/\/eatdrinkbecarrie.com\/?page_id=43"},"modified":"2016-12-12T19:11:32","modified_gmt":"2016-12-12T19:11:32","slug":"about","status":"publish","type":"page","link":"https:\/\/eatdrinkbecarrie.com\/fr\/about\/","title":{"rendered":"\u00c0 propos"},"content":{"rendered":"<p>Un blogue art de vivre ax\u00e9 sur ma conception d&#8217;une vie heureuse. De la gastronomie au sport en passant par la mode et la d\u00e9co, les voyages et comment relaxer avec style&#8230; Mon objectif : vivre l&#8217;\u00e9l\u00e9gance au quotidien.<\/p>","protected":false},"excerpt":{"rendered":"<p>Un blogue art de vivre ax\u00e9 sur ma conception d&#8217;une vie heureuse. De la gastronomie au sport en passant par la mode et la d\u00e9co, les voyages et comment relaxer avec style&#8230; Mon objectif : vivre l&#8217;\u00e9l\u00e9gance au quotidien.<\/p>\n","protected":false},"author":1,"featured_media":33617,"parent":0,"menu_order":0,"comment_status":"closed","ping_status":"closed","template":"","meta":{"_monsterinsights_skip_tracking":false,"_monsterinsights_sitenote_active":false,"_monsterinsights_sitenote_note":"","_monsterinsights_sitenote_category":0,"footnotes":""},"class_list":["post-43","page","type-page","status-publish","has-post-thumbnail","hentry"],"aioseo_notices":[],"_links":{"self":[{"href":"https:\/\/eatdrinkbecarrie.com\/fr\/wp-json\/wp\/v2\/pages\/43","targetHints":{"allow":["GET"]}}],"collection":[{"href":"https:\/\/eatdrinkbecarrie.com\/fr\/wp-json\/wp\/v2\/pages"}],"about":[{"href":"https:\/\/eatdrinkbecarrie.com\/fr\/wp-json\/wp\/v2\/types\/page"}],"author":[{"embeddable":true,"href":"https:\/\/eatdrinkbecarrie.com\/fr\/wp-json\/wp\/v2\/users\/1"}],"replies":[{"embeddable":true,"href":"https:\/\/eatdrinkbecarrie.com\/fr\/wp-json\/wp\/v2\/comments?post=43"}],"version-history":[{"count":6,"href":"https:\/\/eatdrinkbecarrie.com\/fr\/wp-json\/wp\/v2\/pages\/43\/revisions"}],"predecessor-version":[{"id":34031,"href":"https:\/\/eatdrinkbecarrie.com\/fr\/wp-json\/wp\/v2\/pages\/43\/revisions\/34031"}],"wp:featuredmedia":[{"embeddable":true,"href":"https:\/\/eatdrinkbecarrie.com\/fr\/wp-json\/wp\/v2\/media\/33617"}],"wp:attachment":[{"href":"https:\/\/eatdrinkbecarrie.com\/fr\/wp-json\/wp\/v2\/media?parent=43"}],"curies":[{"name":"wp","href":"https:\/\/api.w.org\/{rel}","templated":true}]}}